{"id":602,"date":"2025-07-16T16:50:02","date_gmt":"2025-07-16T19:50:02","guid":{"rendered":"https:\/\/www.sgparts.org\/?page_id=602"},"modified":"2025-07-25T13:40:15","modified_gmt":"2025-07-25T16:40:15","slug":"about-us","status":"publish","type":"page","link":"https:\/\/www.sgparts.org\/pt\/about-us\/","title":{"rendered":"Sobre N\u00f3s"},"content":{"rendered":"<div data-elementor-type=\"wp-page\" data-elementor-id=\"602\" class=\"elementor elementor-602\" data-elementor-post-type=\"page\">\n\t\t\t\t\t\t<section class=\"elementor-section elementor-top-section elementor-element elementor-element-7933332 elementor-section-boxed elementor-section-height-default elementor-section-height-default\" data-id=\"7933332\" data-element_type=\"section\">\n\t\t\t\t\t\t<div class=\"elementor-container elementor-column-gap-default\">\n\t\t\t\t\t<div class=\"elementor-column elementor-col-33 elementor-top-column elementor-element elementor-element-cd5eaf6\" data-id=\"cd5eaf6\" data-element_type=\"column\">\n\t\t\t<div class=\"elementor-widget-wrap elementor-element-populated\">\n\t\t\t\t\t\t<div class=\"elementor-element elementor-element-d4204eb elementor-widget-tablet__width-initial elementor-widget elementor-widget-image\" data-id=\"d4204eb\" data-element_type=\"widget\" data-widget_type=\"image.default\">\n\t\t\t\t<div class=\"elementor-widget-container\">\n\t\t\t\t\t\t\t\t\t\t\t\t\t\t\t<img fetchpriority=\"high\" decoding=\"async\" width=\"1200\" height=\"1600\" src=\"https:\/\/www.sgparts.org\/wp-content\/uploads\/2025\/07\/WhatsApp-Image-2025-07-24-at-15.44.04.jpeg\" class=\"attachment-full size-full wp-image-890\" alt=\"\" srcset=\"https:\/\/www.sgparts.org\/wp-content\/uploads\/2025\/07\/WhatsApp-Image-2025-07-24-at-15.44.04.jpeg 1200w, https:\/\/www.sgparts.org\/wp-content\/uploads\/2025\/07\/WhatsApp-Image-2025-07-24-at-15.44.04-225x300.jpeg 225w, https:\/\/www.sgparts.org\/wp-content\/uploads\/2025\/07\/WhatsApp-Image-2025-07-24-at-15.44.04-768x1024.jpeg 768w, https:\/\/www.sgparts.org\/wp-content\/uploads\/2025\/07\/WhatsApp-Image-2025-07-24-at-15.44.04-1152x1536.jpeg 1152w, https:\/\/www.sgparts.org\/wp-content\/uploads\/2025\/07\/WhatsApp-Image-2025-07-24-at-15.44.04-9x12.jpeg 9w, https:\/\/www.sgparts.org\/wp-content\/uploads\/2025\/07\/WhatsApp-Image-2025-07-24-at-15.44.04-750x1000.jpeg 750w\" sizes=\"(max-width: 1200px) 100vw, 1200px\" \/>\t\t\t\t\t\t\t\t\t\t\t\t\t\t\t<\/div>\n\t\t\t\t<\/div>\n\t\t\t\t\t<\/div>\n\t\t<\/div>\n\t\t\t\t<div class=\"elementor-column elementor-col-66 elementor-top-column elementor-element elementor-element-ceabfbb\" data-id=\"ceabfbb\" data-element_type=\"column\">\n\t\t\t<div class=\"elementor-widget-wrap elementor-element-populated\">\n\t\t\t\t\t\t<div class=\"elementor-element elementor-element-1e98fc2 elementor-widget elementor-widget-text-editor\" data-id=\"1e98fc2\" data-element_type=\"widget\" data-widget_type=\"text-editor.default\">\n\t\t\t\t<div class=\"elementor-widget-container\">\n\t\t\t\t\t\t\t\t\t<p>Atuando no mercado internacional da avia\u00e7\u00e3o desde setembro de 2018, a Southern General Parts foi criada para atender a uma necessidade global cr\u00edtica: garantir a opera\u00e7\u00e3o cont\u00ednua e segura das aeronaves, oferecendo acesso a pe\u00e7as de alta qualidade e solu\u00e7\u00f5es especializadas em manuten\u00e7\u00e3o.<\/p><p>\u00a0<\/p><p>Em um setor onde confiabilidade e seguran\u00e7a s\u00e3o inegoci\u00e1veis, a manuten\u00e7\u00e3o adequada das aeronaves desempenha um papel fundamental na preserva\u00e7\u00e3o do desempenho, da efici\u00eancia e da longevidade em cada voo.<\/p><p>\u00a0<\/p><p>Reconhecendo a demanda global por solu\u00e7\u00f5es confi\u00e1veis e custo-efetivas, posicionamos estrategicamente nossas opera\u00e7\u00f5es pr\u00f3ximas a Miami, FL, EUA \u2014 um polo log\u00edstico internacional \u2014 para agilizar o fornecimento de pe\u00e7as novas de f\u00e1brica e revisadas, por meio da nossa ampla rede de distribuidores parceiros. Nosso compromisso vai al\u00e9m da entrega de componentes: garantimos que cada pe\u00e7a atenda aos mais altos padr\u00f5es de seguran\u00e7a e qualidade, ressaltando a import\u00e2ncia cr\u00edtica da manuten\u00e7\u00e3o preventiva na avia\u00e7\u00e3o.<\/p><p>\u00a0<\/p><p>Por meio da nossa parceria com a VMF Turbinas e Consultoria, sediada em Sorocaba, S\u00e3o Paulo, Brasil, unimos expertise t\u00e9cnica \u00e0 efici\u00eancia log\u00edstica, oferecendo n\u00e3o apenas pe\u00e7as, mas tamb\u00e9m acesso a oficinas certificadas e confi\u00e1veis para revis\u00e3o e reparo de componentes. Nosso atendimento transparente e profissional garante que clientes ao redor do mundo recebam o suporte necess\u00e1rio para manter suas frotas operando com seguran\u00e7a.<\/p><p>\u00a0<\/p><p>Na Southern General Parts, acreditamos que a manuten\u00e7\u00e3o de qualidade n\u00e3o \u00e9 apenas um servi\u00e7o \u2014 \u00e9 a base para a seguran\u00e7a e o desempenho da avia\u00e7\u00e3o mundial.<\/p>\t\t\t\t\t\t\t\t<\/div>\n\t\t\t\t<\/div>\n\t\t\t\t\t<\/div>\n\t\t<\/div>\n\t\t\t\t\t<\/div>\n\t\t<\/section>\n\t\t\t\t<\/div>","protected":false},"excerpt":{"rendered":"<p>Operating in the international aviation market since September 2018, Southern General Parts was established to address a critical global need: ensuring the continuous and safe operation of aircraft by providing access to high-quality parts and specialized maintenance solutions. \u00a0 In an industry where reliability and safety are non-negotiable, proper aircraft maintenance plays a fundamental role<a class=\"more-link\" href=\"https:\/\/www.sgparts.org\/pt\/about-us\/\">Continue reading <span class=\"screen-reader-text\">&#8220;About Us&#8221;<\/span><\/a><\/p>","protected":false},"author":1,"featured_media":0,"parent":0,"menu_order":0,"comment_status":"closed","ping_status":"closed","template":"","meta":{"footnotes":""},"class_list":["post-602","page","type-page","status-publish","hentry","entry"],"_links":{"self":[{"href":"https:\/\/www.sgparts.org\/pt\/wp-json\/wp\/v2\/pages\/602","targetHints":{"allow":["GET"]}}],"collection":[{"href":"https:\/\/www.sgparts.org\/pt\/wp-json\/wp\/v2\/pages"}],"about":[{"href":"https:\/\/www.sgparts.org\/pt\/wp-json\/wp\/v2\/types\/page"}],"author":[{"embeddable":true,"href":"https:\/\/www.sgparts.org\/pt\/wp-json\/wp\/v2\/users\/1"}],"replies":[{"embeddable":true,"href":"https:\/\/www.sgparts.org\/pt\/wp-json\/wp\/v2\/comments?post=602"}],"version-history":[{"count":0,"href":"https:\/\/www.sgparts.org\/pt\/wp-json\/wp\/v2\/pages\/602\/revisions"}],"wp:attachment":[{"href":"https:\/\/www.sgparts.org\/pt\/wp-json\/wp\/v2\/media?parent=602"}],"curies":[{"name":"wp","href":"https:\/\/api.w.org\/{rel}","templated":true}]}}