{"id":58,"date":"2022-05-25T16:37:17","date_gmt":"2022-05-25T19:37:17","guid":{"rendered":"https:\/\/www.sgparts.org\/?page_id=58"},"modified":"2025-07-25T17:02:39","modified_gmt":"2025-07-25T20:02:39","slug":"home","status":"publish","type":"page","link":"https:\/\/www.sgparts.org\/pt\/","title":{"rendered":"In\u00edcio"},"content":{"rendered":"<div data-elementor-type=\"wp-page\" data-elementor-id=\"58\" class=\"elementor elementor-58\" data-elementor-post-type=\"page\">\n\t\t\t\t\t\t<section class=\"elementor-section elementor-top-section elementor-element elementor-element-5c3ceb0 elementor-section-full_width elementor-section-height-default elementor-section-height-default\" data-id=\"5c3ceb0\" data-element_type=\"section\">\n\t\t\t\t\t\t<div class=\"elementor-container elementor-column-gap-no\">\n\t\t\t\t\t<div class=\"elementor-column elementor-col-100 elementor-top-column elementor-element elementor-element-2ebf561\" data-id=\"2ebf561\" data-element_type=\"column\">\n\t\t\t<div class=\"elementor-widget-wrap elementor-element-populated\">\n\t\t\t\t\t\t<div class=\"elementor-element elementor-element-4bb1c2a elementor--v-position-bottom elementor--h-position-center elementor-widget elementor-widget-slides\" data-id=\"4bb1c2a\" data-element_type=\"widget\" data-settings=\"{&quot;navigation&quot;:&quot;none&quot;,&quot;autoplay&quot;:&quot;yes&quot;,&quot;pause_on_hover&quot;:&quot;yes&quot;,&quot;pause_on_interaction&quot;:&quot;yes&quot;,&quot;autoplay_speed&quot;:5000,&quot;infinite&quot;:&quot;yes&quot;,&quot;transition&quot;:&quot;slide&quot;,&quot;transition_speed&quot;:500}\" data-widget_type=\"slides.default\">\n\t\t\t\t<div class=\"elementor-widget-container\">\n\t\t\t\t\t\t\t\t\t<div class=\"elementor-swiper\">\n\t\t\t\t\t<div class=\"elementor-slides-wrapper elementor-main-swiper swiper\" role=\"region\" aria-roledescription=\"carousel\" aria-label=\"Slides\" dir=\"ltr\" data-animation=\"fadeInUp\">\n\t\t\t\t<div class=\"swiper-wrapper elementor-slides\">\n\t\t\t\t\t\t\t\t\t\t<div class=\"elementor-repeater-item-8235340 swiper-slide\" role=\"group\" aria-roledescription=\"slide\"><div class=\"swiper-slide-bg elementor-ken-burns elementor-ken-burns--in\" role=\"img\"><\/div><a class=\"swiper-slide-inner\" href=\"https:\/\/www.sgparts.org\/pt\/parts-for-sale\/\"><div class=\"swiper-slide-contents\"><div class=\"elementor-slide-heading\">Pe\u00e7as de Motor<\/div><div class=\"elementor-slide-description\">Especialista em aquisi\u00e7\u00e3o e venda de pe\u00e7as para motores PT6A<\/div><div  class=\"elementor-button elementor-slide-button elementor-size-sm\">Clique Aqui<\/div><\/div><\/a><\/div>\t\t\t\t<\/div>\n\t\t\t\t\t\t\t<\/div>\n\t\t\t\t<\/div>\n\t\t\t\t\t\t\t\t<\/div>\n\t\t\t\t<\/div>\n\t\t\t\t\t<\/div>\n\t\t<\/div>\n\t\t\t\t\t<\/div>\n\t\t<\/section>\n\t\t\t\t<section class=\"elementor-section elementor-top-section elementor-element elementor-element-91a8320 elementor-section-boxed elementor-section-height-default elementor-section-height-default\" data-id=\"91a8320\" data-element_type=\"section\" data-settings=\"{&quot;background_background&quot;:&quot;classic&quot;}\">\n\t\t\t\t\t\t<div class=\"elementor-container elementor-column-gap-default\">\n\t\t\t\t\t<div class=\"elementor-column elementor-col-100 elementor-top-column elementor-element elementor-element-4a58a80\" data-id=\"4a58a80\" data-element_type=\"column\">\n\t\t\t<div class=\"elementor-widget-wrap elementor-element-populated\">\n\t\t\t\t\t\t<div class=\"elementor-element elementor-element-499151c elementor-widget elementor-widget-heading\" data-id=\"499151c\" data-element_type=\"widget\" data-widget_type=\"heading.default\">\n\t\t\t\t<div class=\"elementor-widget-container\">\n\t\t\t\t\t<h2 class=\"elementor-heading-title elementor-size-default\">Especialista em aquisi\u00e7\u00e3o de pe\u00e7as para motores PT6A<\/h2>\t\t\t\t<\/div>\n\t\t\t\t<\/div>\n\t\t\t\t<div class=\"elementor-element elementor-element-a8630ed elementor-widget elementor-widget-text-editor\" data-id=\"a8630ed\" data-element_type=\"widget\" data-widget_type=\"text-editor.default\">\n\t\t\t\t<div class=\"elementor-widget-container\">\n\t\t\t\t\t\t\t\t\t<p>Seja bem-vindo a Southern General Parts<\/p>\t\t\t\t\t\t\t\t<\/div>\n\t\t\t\t<\/div>\n\t\t\t\t\t<\/div>\n\t\t<\/div>\n\t\t\t\t\t<\/div>\n\t\t<\/section>\n\t\t\t\t<section class=\"elementor-section elementor-top-section elementor-element elementor-element-0e8f66d elementor-section-boxed elementor-section-height-default elementor-section-height-default\" data-id=\"0e8f66d\" data-element_type=\"section\" data-settings=\"{&quot;background_background&quot;:&quot;classic&quot;}\">\n\t\t\t\t\t\t<div class=\"elementor-container elementor-column-gap-default\">\n\t\t\t\t\t<div class=\"elementor-column elementor-col-33 elementor-top-column elementor-element elementor-element-9d9d209\" data-id=\"9d9d209\" data-element_type=\"column\">\n\t\t\t<div class=\"elementor-widget-wrap elementor-element-populated\">\n\t\t\t\t\t\t<div class=\"elementor-element elementor-element-6c95c4c elementor-widget elementor-widget-counter\" data-id=\"6c95c4c\" data-element_type=\"widget\" data-widget_type=\"counter.default\">\n\t\t\t\t<div class=\"elementor-widget-container\">\n\t\t\t\t\t\t\t<div class=\"elementor-counter\">\n\t\t\t<div class=\"elementor-counter-title\">Itens de Linha<\/div>\t\t\t<div class=\"elementor-counter-number-wrapper\">\n\t\t\t\t<span class=\"elementor-counter-number-prefix\"><\/span>\n\t\t\t\t<span class=\"elementor-counter-number\" data-duration=\"2000\" data-to-value=\"107\" data-from-value=\"0\" data-delimiter=\",\">0<\/span>\n\t\t\t\t<span class=\"elementor-counter-number-suffix\"><\/span>\n\t\t\t<\/div>\n\t\t<\/div>\n\t\t\t\t\t\t<\/div>\n\t\t\t\t<\/div>\n\t\t\t\t\t<\/div>\n\t\t<\/div>\n\t\t\t\t<div class=\"elementor-column elementor-col-33 elementor-top-column elementor-element elementor-element-ab297f3\" data-id=\"ab297f3\" data-element_type=\"column\">\n\t\t\t<div class=\"elementor-widget-wrap elementor-element-populated\">\n\t\t\t\t\t\t<div class=\"elementor-element elementor-element-c11a0fa elementor-widget elementor-widget-counter\" data-id=\"c11a0fa\" data-element_type=\"widget\" data-widget_type=\"counter.default\">\n\t\t\t\t<div class=\"elementor-widget-container\">\n\t\t\t\t\t\t\t<div class=\"elementor-counter\">\n\t\t\t<div class=\"elementor-counter-title\">Anos de experi\u00eancia no setor<\/div>\t\t\t<div class=\"elementor-counter-number-wrapper\">\n\t\t\t\t<span class=\"elementor-counter-number-prefix\"><\/span>\n\t\t\t\t<span class=\"elementor-counter-number\" data-duration=\"2000\" data-to-value=\"12\" data-from-value=\"0\" data-delimiter=\",\">0<\/span>\n\t\t\t\t<span class=\"elementor-counter-number-suffix\"><\/span>\n\t\t\t<\/div>\n\t\t<\/div>\n\t\t\t\t\t\t<\/div>\n\t\t\t\t<\/div>\n\t\t\t\t\t<\/div>\n\t\t<\/div>\n\t\t\t\t<div class=\"elementor-column elementor-col-33 elementor-top-column elementor-element elementor-element-07c4733\" data-id=\"07c4733\" data-element_type=\"column\">\n\t\t\t<div class=\"elementor-widget-wrap elementor-element-populated\">\n\t\t\t\t\t\t<div class=\"elementor-element elementor-element-aff61de elementor-widget elementor-widget-counter\" data-id=\"aff61de\" data-element_type=\"widget\" data-widget_type=\"counter.default\">\n\t\t\t\t<div class=\"elementor-widget-container\">\n\t\t\t\t\t\t\t<div class=\"elementor-counter\">\n\t\t\t<div class=\"elementor-counter-title\">Estabelecida desde<\/div>\t\t\t<div class=\"elementor-counter-number-wrapper\">\n\t\t\t\t<span class=\"elementor-counter-number-prefix\"><\/span>\n\t\t\t\t<span class=\"elementor-counter-number\" data-duration=\"2000\" data-to-value=\"2018\" data-from-value=\"0\">0<\/span>\n\t\t\t\t<span class=\"elementor-counter-number-suffix\"><\/span>\n\t\t\t<\/div>\n\t\t<\/div>\n\t\t\t\t\t\t<\/div>\n\t\t\t\t<\/div>\n\t\t\t\t\t<\/div>\n\t\t<\/div>\n\t\t\t\t\t<\/div>\n\t\t<\/section>\n\t\t\t\t<section class=\"elementor-section elementor-top-section elementor-element elementor-element-e64b39a elementor-section-boxed elementor-section-height-default elementor-section-height-default\" data-id=\"e64b39a\" data-element_type=\"section\">\n\t\t\t\t\t\t<div class=\"elementor-container elementor-column-gap-default\">\n\t\t\t\t\t<div class=\"elementor-column elementor-col-33 elementor-top-column elementor-element elementor-element-33add63\" data-id=\"33add63\" data-element_type=\"column\">\n\t\t\t<div class=\"elementor-widget-wrap elementor-element-populated\">\n\t\t\t\t\t\t<div class=\"elementor-element elementor-element-16ee1c7 elementor-position-top elementor-widget elementor-widget-image-box\" data-id=\"16ee1c7\" data-element_type=\"widget\" data-widget_type=\"image-box.default\">\n\t\t\t\t<div class=\"elementor-widget-container\">\n\t\t\t\t\t<div class=\"elementor-image-box-wrapper\"><figure class=\"elementor-image-box-img\"><a href=\"https:\/\/www.sgparts.org\/pt\/inventory\/\" tabindex=\"-1\"><img fetchpriority=\"high\" decoding=\"async\" width=\"568\" height=\"373\" src=\"https:\/\/www.sgparts.org\/wp-content\/uploads\/2022\/05\/a03.jpg\" class=\"elementor-animation-wobble-vertical attachment-full size-full wp-image-202\" alt=\"\" srcset=\"https:\/\/www.sgparts.org\/wp-content\/uploads\/2022\/05\/a03.jpg 568w, https:\/\/www.sgparts.org\/wp-content\/uploads\/2022\/05\/a03-300x197.jpg 300w\" sizes=\"(max-width: 568px) 100vw, 568px\" \/><\/a><\/figure><div class=\"elementor-image-box-content\"><h3 class=\"elementor-image-box-title\"><a href=\"https:\/\/www.sgparts.org\/pt\/inventory\/\">Motores dispon\u00edveis<\/a><\/h3><p class=\"elementor-image-box-description\">Procurando o motor ideal para sua aeronave?\nTrabalhamos com empresas ao redor do mundo e podemos encontrar exatamente o que voc\u00ea precisa.<\/p><\/div><\/div>\t\t\t\t<\/div>\n\t\t\t\t<\/div>\n\t\t\t\t\t<\/div>\n\t\t<\/div>\n\t\t\t\t<div class=\"elementor-column elementor-col-33 elementor-top-column elementor-element elementor-element-28e7eff\" data-id=\"28e7eff\" data-element_type=\"column\">\n\t\t\t<div class=\"elementor-widget-wrap elementor-element-populated\">\n\t\t\t\t\t\t<div class=\"elementor-element elementor-element-9d31251 elementor-position-top elementor-widget elementor-widget-image-box\" data-id=\"9d31251\" data-element_type=\"widget\" data-widget_type=\"image-box.default\">\n\t\t\t\t<div class=\"elementor-widget-container\">\n\t\t\t\t\t<div class=\"elementor-image-box-wrapper\"><figure class=\"elementor-image-box-img\"><a href=\"https:\/\/www.sgparts.org\/pt\/inventory\/\" tabindex=\"-1\"><img decoding=\"async\" width=\"568\" height=\"373\" src=\"https:\/\/www.sgparts.org\/wp-content\/uploads\/2022\/06\/aviao.png\" class=\"elementor-animation-wobble-vertical attachment-full size-full wp-image-471\" alt=\"\" srcset=\"https:\/\/www.sgparts.org\/wp-content\/uploads\/2022\/06\/aviao.png 568w, https:\/\/www.sgparts.org\/wp-content\/uploads\/2022\/06\/aviao-300x197.png 300w\" sizes=\"(max-width: 568px) 100vw, 568px\" \/><\/a><\/figure><div class=\"elementor-image-box-content\"><h3 class=\"elementor-image-box-title\"><a href=\"https:\/\/www.sgparts.org\/pt\/inventory\/\">Pe\u00e7as de Avi\u00e3o<\/a><\/h3><p class=\"elementor-image-box-description\">Temos as pe\u00e7as que voc\u00ea precisa para sua aeronave. Confira e envie sua lista de solicita\u00e7\u00e3o de or\u00e7amento.<\/p><\/div><\/div>\t\t\t\t<\/div>\n\t\t\t\t<\/div>\n\t\t\t\t\t<\/div>\n\t\t<\/div>\n\t\t\t\t<div class=\"elementor-column elementor-col-33 elementor-top-column elementor-element elementor-element-c1fdf9b\" data-id=\"c1fdf9b\" data-element_type=\"column\">\n\t\t\t<div class=\"elementor-widget-wrap elementor-element-populated\">\n\t\t\t\t\t\t<div class=\"elementor-element elementor-element-7430f4d elementor-position-top elementor-widget elementor-widget-image-box\" data-id=\"7430f4d\" data-element_type=\"widget\" data-widget_type=\"image-box.default\">\n\t\t\t\t<div class=\"elementor-widget-container\">\n\t\t\t\t\t<div class=\"elementor-image-box-wrapper\"><figure class=\"elementor-image-box-img\"><a href=\"https:\/\/www.sgparts.org\/pt\/inventory\/\" tabindex=\"-1\"><img decoding=\"async\" width=\"568\" height=\"373\" src=\"https:\/\/www.sgparts.org\/wp-content\/uploads\/2022\/06\/engine-parts.png\" class=\"elementor-animation-wobble-vertical attachment-full size-full wp-image-472\" alt=\"\" srcset=\"https:\/\/www.sgparts.org\/wp-content\/uploads\/2022\/06\/engine-parts.png 568w, https:\/\/www.sgparts.org\/wp-content\/uploads\/2022\/06\/engine-parts-300x197.png 300w\" sizes=\"(max-width: 568px) 100vw, 568px\" \/><\/a><\/figure><div class=\"elementor-image-box-content\"><h3 class=\"elementor-image-box-title\"><a href=\"https:\/\/www.sgparts.org\/pt\/inventory\/\">Pe\u00e7as de Motor<\/a><\/h3><p class=\"elementor-image-box-description\">Somos especialistas na aquisi\u00e7\u00e3o, venda e revis\u00e3o de pe\u00e7as novas e usadas para motores PT6A.\nEnvie sua lista de solicita\u00e7\u00e3o de or\u00e7amento hoje mesmo!<\/p><\/div><\/div>\t\t\t\t<\/div>\n\t\t\t\t<\/div>\n\t\t\t\t\t<\/div>\n\t\t<\/div>\n\t\t\t\t\t<\/div>\n\t\t<\/section>\n\t\t\t\t<\/div>","protected":false},"excerpt":{"rendered":"<p>Engines PartsSpecialist in PT6A Engine parts procurament &#038; salesClick Here Specialist in PT6A engine parts procurement Welcome to Southern General Parts Line Items 0 Years Industry Experience 0 Established Since 0 Available Engines Searching for the right Engine for your Aircraft? We work with companies around the globe, and we can find what you need.<a class=\"more-link\" href=\"https:\/\/www.sgparts.org\/pt\/\">Continue reading <span class=\"screen-reader-text\">&#8220;Home&#8221;<\/span><\/a><\/p>","protected":false},"author":1,"featured_media":0,"parent":0,"menu_order":0,"comment_status":"closed","ping_status":"closed","template":"elementor_header_footer","meta":{"footnotes":""},"class_list":["post-58","page","type-page","status-publish","hentry","entry"],"_links":{"self":[{"href":"https:\/\/www.sgparts.org\/pt\/wp-json\/wp\/v2\/pages\/58","targetHints":{"allow":["GET"]}}],"collection":[{"href":"https:\/\/www.sgparts.org\/pt\/wp-json\/wp\/v2\/pages"}],"about":[{"href":"https:\/\/www.sgparts.org\/pt\/wp-json\/wp\/v2\/types\/page"}],"author":[{"embeddable":true,"href":"https:\/\/www.sgparts.org\/pt\/wp-json\/wp\/v2\/users\/1"}],"replies":[{"embeddable":true,"href":"https:\/\/www.sgparts.org\/pt\/wp-json\/wp\/v2\/comments?post=58"}],"version-history":[{"count":0,"href":"https:\/\/www.sgparts.org\/pt\/wp-json\/wp\/v2\/pages\/58\/revisions"}],"wp:attachment":[{"href":"https:\/\/www.sgparts.org\/pt\/wp-json\/wp\/v2\/media?parent=58"}],"curies":[{"name":"wp","href":"https:\/\/api.w.org\/{rel}","templated":true}]}}